{"id":12,"date":"2017-03-20T03:06:38","date_gmt":"2017-03-20T02:06:38","guid":{"rendered":"http:\/\/www.flag-lostura.hr\/?page_id=12"},"modified":"2023-01-23T01:39:57","modified_gmt":"2023-01-23T00:39:57","slug":"o-nama","status":"publish","type":"page","link":"https:\/\/www.flag-lostura.hr\/old\/o-nama\/","title":{"rendered":"O nama"},"content":{"rendered":"<p>Lokalna akcijska grupa u ribarstvu (LAGUR) \u201eLostura\u201c je udruga osnovana 2014. godine i prva je takva u Hrvatskoj, po uzoru na europske FLAG-ove. Udruga je registrirana u Biogradu na Moru dok ostvarivanjem suradnje s drugim udrugama i organizacijama \u0161iri svoje podru\u010dje djelovanja na \u010ditavu Hrvatsku.<\/p>\n<p><img decoding=\"async\" loading=\"lazy\" class=\"alignnone wp-image-1872 size-full\" src=\"https:\/\/www.flag-lostura.hr\/old\/wp-content\/uploads\/2023\/01\/poduzetnicki-inkubator.jpg\" alt=\"\" width=\"1547\" height=\"861\" srcset=\"https:\/\/www.flag-lostura.hr\/old\/wp-content\/uploads\/2023\/01\/poduzetnicki-inkubator.jpg 1547w, https:\/\/www.flag-lostura.hr\/old\/wp-content\/uploads\/2023\/01\/poduzetnicki-inkubator-300x167.jpg 300w, https:\/\/www.flag-lostura.hr\/old\/wp-content\/uploads\/2023\/01\/poduzetnicki-inkubator-1024x570.jpg 1024w, https:\/\/www.flag-lostura.hr\/old\/wp-content\/uploads\/2023\/01\/poduzetnicki-inkubator-768x427.jpg 768w, https:\/\/www.flag-lostura.hr\/old\/wp-content\/uploads\/2023\/01\/poduzetnicki-inkubator-1536x855.jpg 1536w\" sizes=\"(max-width: 1547px) 100vw, 1547px\" \/><\/p>\n<p>Osnovne djelatnosti su razvoj ribarstva i promicanje potro\u0161nje ribe i morskih plodova sa svrhom identifikacije lokalne razvojne strategije u ribarstvu, sudjelovanja u poticanju razvitka kroz povezivanje i sudjelovanje u CLLD projektima te zajedni\u010dke aktivnosti u prikupljanju sredstava.<\/p>\n<p>Lokalna akcijska grupa u ribarstvu (LAGUR) \u201eLostura\u201c, djeluju\u0107i od 2014. godine, u svome radu usko je vezana uz Operativni program za pomorstvo i ribarstvo, Ministarstvo Poljoprivrede \u2013 Upravu ribarstva te na svom podru\u010dju koje pokriva 5 op\u0107ina sudjeluje u provedbi nacionalnih i EU projekata; i to kao izvor informacija o istima za svoje \u010dlanove te prate\u0107i svu relevantnu literaturu i novosti.<\/p>\n<p>LAGUR se temelji na poslovanju sa \u201eodozdo prema gore\u201c pristupom koji djeluje poticajno za lokalnu zajednicu, a struktura \u010dlanova obuhva\u0107a javni, privatni i civilni sektor.<\/p>\n","protected":false},"excerpt":{"rendered":"<p>Lokalna akcijska grupa u ribarstvu (LAGUR) \u201eLostura\u201c je udruga osnovana 2014. godine i prva je takva u Hrvatskoj, po uzoru na europske FLAG-ove. Udruga je registrirana u Biogradu na Moru dok ostvarivanjem suradnje s drugim udrugama i organizacijama \u0161iri svoje podru\u010dje djelovanja na \u010ditavu Hrvatsku. Osnovne djelatnosti su razvoj ribarstva i promicanje potro\u0161nje ribe i &hellip;<\/p>\n","protected":false},"author":1,"featured_media":0,"parent":0,"menu_order":0,"comment_status":"closed","ping_status":"closed","template":"","meta":[],"_links":{"self":[{"href":"https:\/\/www.flag-lostura.hr\/old\/wp-json\/wp\/v2\/pages\/12"}],"collection":[{"href":"https:\/\/www.flag-lostura.hr\/old\/wp-json\/wp\/v2\/pages"}],"about":[{"href":"https:\/\/www.flag-lostura.hr\/old\/wp-json\/wp\/v2\/types\/page"}],"author":[{"embeddable":true,"href":"https:\/\/www.flag-lostura.hr\/old\/wp-json\/wp\/v2\/users\/1"}],"replies":[{"embeddable":true,"href":"https:\/\/www.flag-lostura.hr\/old\/wp-json\/wp\/v2\/comments?post=12"}],"version-history":[{"count":0,"href":"https:\/\/www.flag-lostura.hr\/old\/wp-json\/wp\/v2\/pages\/12\/revisions"}],"wp:attachment":[{"href":"https:\/\/www.flag-lostura.hr\/old\/wp-json\/wp\/v2\/media?parent=12"}],"curies":[{"name":"wp","href":"https:\/\/api.w.org\/{rel}","templated":true}]}}