{"id":14,"date":"2017-03-20T03:06:53","date_gmt":"2017-03-20T02:06:53","guid":{"rendered":"http:\/\/www.flag-lostura.hr\/?page_id=14"},"modified":"2025-01-30T12:22:39","modified_gmt":"2025-01-30T11:22:39","slug":"clanovi-flag-a","status":"publish","type":"page","link":"https:\/\/www.flag-lostura.hr\/old\/clanovi-flag-a\/","title":{"rendered":"\u010clanovi FLAG-a"},"content":{"rendered":"<h3><strong>Javni sektor:<\/strong><\/h3>\n<ol>\n<li><strong>Grad Biograd na Moru (<a href=\"https:\/\/www.biogradnamoru.hr\" target=\"_blank\" rel=\"noopener\">https:\/\/www.biogradnamoru.hr<\/a>)<\/strong><\/li>\n<li><strong>Op\u0107ina Pako\u0161tane (<a href=\"https:\/\/www.opcina-pakostane.hr\" target=\"_blank\" rel=\"noopener\">https:\/\/www.opcina-pakostane.hr<\/a>)<\/strong><\/li>\n<li><strong>Op\u0107ina Pa\u0161man (<a href=\"http:\/\/opcinapasman.hr\" target=\"_blank\" rel=\"noopener\">http:\/\/opcinapasman.hr<\/a>)<\/strong><\/li>\n<li><strong>Op\u0107ina Sv. Filip i Jakov (<a href=\"https:\/\/www.opcina-svfilipjakov.hr\" target=\"_blank\" rel=\"noopener\">https:\/\/www.opcina-svfilipjakov.hr<\/a>)<\/strong><\/li>\n<li><strong>Op\u0107ina Tkon (<a href=\"http:\/\/www.tkon.hr\" target=\"_blank\" rel=\"noopener\">http:\/\/www.tkon.hr<\/a>)<\/strong><\/li>\n<li><strong>Op\u0107ina Suko\u0161an (<span style=\"color: #0000ff;\"><a href=\"https:\/\/opcina-sukosan.hr\/\">https:\/\/opcina-sukosan.hr\/<\/a><span style=\"color: #000000;\">)<\/span><\/span><\/strong><\/li>\n<\/ol>\n<h3><strong>Gospodarski sektor:<\/strong><\/h3>\n<ol>\n<li><strong>Pedi\u0161i\u0107 d.o.o., Banj<\/strong><\/li>\n<li><strong>Lan\u0111in, obrt za morski ribolov, trgovinu i turizam, Kraj<\/strong><\/li>\n<li><strong>Limbora d.o.o., Tkon<\/strong><\/li>\n<li><strong>Adria octopus d.o.o., Biograd na Moru<\/strong><\/li>\n<li><strong>Jadran tuna, d.o.o., Sv. Filip i Jakov (<a href=\"http:\/\/www.jadran-tuna.hr\" target=\"_blank\" rel=\"noopener\">http:\/\/www.jadran-tuna.hr<\/a>)<\/strong><\/li>\n<li><strong>Brodogradili\u0161te Filipi d.o.o. (<a href=\"https:\/\/www.brodogradiliste-filipi.hr\/\">https:\/\/www.brodogradiliste-filipi.hr\/<\/a>)<\/strong><\/li>\n<li><strong>Vrgada, ribarska proizvo\u0111a\u010dka zadruga, Zadar (<a href=\"http:\/\/www.vrgada-rpz.hr\" target=\"_blank\" rel=\"noopener\">http:\/\/www.vrgada-rpz.hr<\/a>)<\/strong><\/li>\n<li><strong>Albamaris, obrt za ronila\u010dke usluge, ugostiteljstvo i turisti\u010dka agencija<\/strong><\/li>\n<\/ol>\n<h3><strong>Civilni sektor:<\/strong><\/h3>\n<ol>\n<li><strong>Lokalna akcijska grupa &#8220;Laura&#8221;, Biograd na Moru (<a href=\"https:\/\/www.lag-laura.hr\" target=\"_blank\" rel=\"noopener\">https:\/\/www.lag-laura.hr<\/a>)<\/strong><\/li>\n<li><strong>\u0160portsko ribolovno dru\u0161tvo \u0160krpina Banj, Banj<\/strong><\/li>\n<li><strong>Koordinacija ko\u0107ara Hrvatske<\/strong><\/li>\n<\/ol>\n","protected":false},"excerpt":{"rendered":"<p>Javni sektor: Grad Biograd na Moru (https:\/\/www.biogradnamoru.hr) Op\u0107ina Pako\u0161tane (https:\/\/www.opcina-pakostane.hr) Op\u0107ina Pa\u0161man (http:\/\/opcinapasman.hr) Op\u0107ina Sv. Filip i Jakov (https:\/\/www.opcina-svfilipjakov.hr) Op\u0107ina Tkon (http:\/\/www.tkon.hr) Op\u0107ina Suko\u0161an (https:\/\/opcina-sukosan.hr\/) Gospodarski sektor: Pedi\u0161i\u0107 d.o.o., Banj Lan\u0111in, obrt za morski ribolov, trgovinu i turizam, Kraj Limbora d.o.o., Tkon Adria octopus d.o.o., Biograd na Moru Jadran tuna, d.o.o., Sv. Filip i Jakov &hellip;<\/p>\n","protected":false},"author":1,"featured_media":0,"parent":0,"menu_order":0,"comment_status":"closed","ping_status":"closed","template":"","meta":[],"_links":{"self":[{"href":"https:\/\/www.flag-lostura.hr\/old\/wp-json\/wp\/v2\/pages\/14"}],"collection":[{"href":"https:\/\/www.flag-lostura.hr\/old\/wp-json\/wp\/v2\/pages"}],"about":[{"href":"https:\/\/www.flag-lostura.hr\/old\/wp-json\/wp\/v2\/types\/page"}],"author":[{"embeddable":true,"href":"https:\/\/www.flag-lostura.hr\/old\/wp-json\/wp\/v2\/users\/1"}],"replies":[{"embeddable":true,"href":"https:\/\/www.flag-lostura.hr\/old\/wp-json\/wp\/v2\/comments?post=14"}],"version-history":[{"count":0,"href":"https:\/\/www.flag-lostura.hr\/old\/wp-json\/wp\/v2\/pages\/14\/revisions"}],"wp:attachment":[{"href":"https:\/\/www.flag-lostura.hr\/old\/wp-json\/wp\/v2\/media?parent=14"}],"curies":[{"name":"wp","href":"https:\/\/api.w.org\/{rel}","templated":true}]}}