{"id":1425,"date":"2022-02-01T11:38:55","date_gmt":"2022-02-01T10:38:55","guid":{"rendered":"http:\/\/www.flag-lostura.hr\/?page_id=1425"},"modified":"2023-02-21T11:56:31","modified_gmt":"2023-02-21T10:56:31","slug":"5-flag-natjecaj-mjera-3-2","status":"publish","type":"page","link":"https:\/\/www.flag-lostura.hr\/old\/flag-natjecaji\/5-flag-natjecaj-mjera-3-2\/","title":{"rendered":"5. FLAG natje\u010daj mjera 3.2"},"content":{"rendered":"<p>Na temelju \u010dlanka 24. Pravilnika o uvjetima, kriterijima, na\u010dinu odabira, financiranja i provedbe lokalnih razvojnih strategija u ribarstvu (\u201eNarodne novine\u201c broj 27\/2019) i Lokalne razvojne strategije u ribarstvu za razdoblje 2014. \u2013 2020., Lokalna akcijska skupina u ribarstvu \u201eLostura\u201c objavljuje 02. velja\u010de 2022. godine, FLAG Natje\u010daj za provedbu aktivnosti u okviru <strong>Mjere 3.2. Ribarske manifestacije i aktivno sudjelovanje turista u pripremi hrane, verzija 2.0.<\/strong>.<\/p>\n<p>Ukupno raspolo\u017eiva sredstva javne potpore za sufinanciranje operacija u okviru Mjere 3.2. iznosi <strong>770.293,71 kuna<\/strong>. Najni\u017ea vrijednost potpore iznosi <strong>7.500,00 kuna<\/strong> dok najvi\u0161a vrijednost potpore iznosi<strong> 385.000,00 kuna<\/strong>.<\/p>\n<p>Intenzitet potpore iznosi <strong>50%<\/strong> ukupnih prihvatljivih tro\u0161kova u okviru operacije, odnosno <strong>100%<\/strong> ako je podnositelj javnopravno tijelo ili poduze\u0107e kojem je povjereno obavljanje usluga od op\u0107eg gospodarskog interesa ili je podnositelj zadruga, organizacija civilnog dru\u0161tva, udruga, ustanova u javnom vlasni\u0161tvu ili komunalno poduze\u0107e (ukoliko nije javnopravno tijelo) ili u slu\u010daju kada postoji vi\u0161e partnera koji provode zajedni\u010dki projekt te se time udovoljava kriteriju \u201ezajedni\u010dkog korisnika\u201c za dodjeljivanje ve\u0107eg intenziteta potpore.<\/p>\n<p>Natje\u010daj je namijenjen jedinicama lokalne samouprave, turisti\u010dkim zajednicama, komunalnim poduze\u0107ima ili ustanovama u javnom vlasni\u0161tvu, organizacijama civilnog dru\u0161tva\/udruga i zadruga sa sjedi\u0161tem unutar obuhvata ribarstvenog podru\u010dja LAGUR-a Lostura, \u0161to uklju\u010duje <strong>Op\u0107ine Pako\u0161tane, Pa\u0161man, Tkon i Sv. Filip i Jakov te Grad Biograd na Moru<\/strong>.<\/p>\n<p>Kako bi operacija bila prihvatljiva mora udovoljavati sljede\u0107im uvjetima:<\/p>\n<p>a) Aktivnosti odnosno projekt se mora provoditi na podru\u010dju obuhvata ribarstvenog podru\u010dja FLAG-a \u201eLostura\u201c<\/p>\n<p>b) Manifestacije se mogu odr\u017eavati samo na javnim povr\u0161inama unutar ribarstvenog podru\u010dja FLAG-a.<\/p>\n<p>Potencijalni prijavitelji mogu postaviti pitanja do najkasnije <strong>deset (10) kalendarskih dana<\/strong> prije dana isteka roka za podno\u0161enje prijave na e-po\u0161tu <a href=\"mailto:lagur.lostura@gmail.com\"><span style=\"color: #0000ff;\">lagur.lostura@gmail.com<\/span><\/a> te \u0107e pitanja s odgovorima biti objavljena na slu\u017ebenoj stranici LAGUR-a \u201eLostura\u201c: <a href=\"https:\/\/www.flag-lostura.hr\/old\"><span style=\"color: #0000ff;\">www.flag-lostura.hr<\/span><\/a><\/p>\n<p>Stru\u010dna slu\u017eba LAGUR-a odr\u017eati \u0107e <strong>informativnu radionicu za sve potencijalne prijavitelje<\/strong>, koja \u0107e se odr\u017eati:<\/p>\n<p><strong>07.02.2022. godine (ponedjeljak)<\/strong> u Biogradu na Moru u zgradi Poduzetni\u010dkog inkubatora Biograd na Moru (konferencijska dvorana, 1 kat), Bukova\u010dka ulica 23, 23210 Biograd na Moru s po\u010detkom <strong>u 11:00 sati<em>.<\/em><\/strong><\/p>\n<p><strong>Podno\u0161enje prijava na Natje\u010daj za Mjeru 3.2. traje od 08. velja\u010de 2022. godine do 08. o\u017eujka 2022. godine.<\/strong><\/p>\n<p>Tekst natje\u010daja, pripadaju\u0107e obrasce i priloge mo\u017eete preuzeti u nastavku.<\/p>\n<p><strong>TEKST NATJE\u010cAJA:<\/strong><\/p>\n<ul>\n<li><a href=\"https:\/\/www.flag-lostura.hr\/old\/wp-content\/uploads\/2022\/02\/Tekst-FLAG-natjecaja-M3.2-v2.pdf\" class=\"mtli_attachment mtli_pdf\" target=\"_blank\" rel=\"noopener\"><span style=\"color: #0000ff;\">Tekst FLAG natje\u010daja M3.2 v2<\/span><\/a><\/li>\n<\/ul>\n<p><strong>OBRASCI: <\/strong><\/p>\n<ul>\n<li><span style=\"color: #0000ff;\"><a style=\"color: #0000ff;\" href=\"https:\/\/www.flag-lostura.hr\/old\/wp-content\/uploads\/2022\/02\/Obrazac-1.A-Prijavni-obrazac.docx\" class=\"mtli_attachment mtli_docx\" target=\"_blank\" rel=\"noopener\">Obrazac 1.A Prijavni obrazac<\/a><\/span><\/li>\n<li><span style=\"color: #0000ff;\"><a style=\"color: #0000ff;\" href=\"https:\/\/www.flag-lostura.hr\/old\/wp-content\/uploads\/2022\/02\/Obrazac-1.B.-Lista-troskova.xlsx\" class=\"mtli_attachment mtli_xlsx\" target=\"_blank\" rel=\"noopener\">Obrazac 1.B. Lista tro\u0161kova<\/a><\/span><\/li>\n<li><span style=\"color: #0000ff;\"><a style=\"color: #0000ff;\" href=\"https:\/\/www.flag-lostura.hr\/old\/wp-content\/uploads\/2022\/02\/Obrazac-2.-Zahtjev-za-odobrenje-promjena.docx\" class=\"mtli_attachment mtli_docx\" target=\"_blank\" rel=\"noopener\">Obrazac 2. Zahtjev za odobrenje promjena<\/a><\/span><\/li>\n<li><span style=\"color: #0000ff;\"><a style=\"color: #0000ff;\" href=\"https:\/\/www.flag-lostura.hr\/old\/wp-content\/uploads\/2022\/02\/Obrazac-3.A.-Zahtjev-za-isplatu.docx\" class=\"mtli_attachment mtli_docx\" target=\"_blank\" rel=\"noopener\">Obrazac 3.A. Zahtjev za isplatu<\/a><\/span><\/li>\n<li><span style=\"color: #0000ff;\"><a style=\"color: #0000ff;\" href=\"https:\/\/www.flag-lostura.hr\/old\/wp-content\/uploads\/2022\/02\/Obrazac-3.B.-Izjava-o-izdacima.xlsx\" class=\"mtli_attachment mtli_xlsx\" target=\"_blank\" rel=\"noopener\">Obrazac 3.B. Izjava o izdacima<\/a><\/span><\/li>\n<li><span style=\"color: #0000ff;\"><a style=\"color: #0000ff;\" href=\"https:\/\/www.flag-lostura.hr\/old\/wp-content\/uploads\/2022\/02\/Obrazac-4.-Izvjestaj-o-napretku.docx\" class=\"mtli_attachment mtli_docx\" target=\"_blank\" rel=\"noopener\">Obrazac 4. Izvje\u0161taj o napretku<\/a><\/span><\/li>\n<li><span style=\"color: #0000ff;\"><a style=\"color: #0000ff;\" href=\"https:\/\/www.flag-lostura.hr\/old\/wp-content\/uploads\/2022\/02\/Obrazac-5.-Sazetak-prikupljenih-ponuda.docx\" class=\"mtli_attachment mtli_docx\" target=\"_blank\" rel=\"noopener\">Obrazac 5. Sa\u017eetak prikupljenih ponuda<\/a><\/span><\/li>\n<li><span style=\"color: #0000ff;\"><a style=\"color: #0000ff;\" href=\"https:\/\/www.flag-lostura.hr\/old\/wp-content\/uploads\/2022\/02\/Obrazac-6.-Izjava-o-nepostojanju-sukoba-interesa.doc\" class=\"mtli_attachment mtli_doc\" target=\"_blank\" rel=\"noopener\">Obrazac 6. Izjava o nepostojanju sukoba interesa<\/a><\/span><\/li>\n<li><a href=\"https:\/\/www.flag-lostura.hr\/old\/wp-content\/uploads\/2022\/02\/Obrazac-7.-Izjava-o-nepostojanju-vlasnicke-povezanosti.doc\" class=\"mtli_attachment mtli_doc\" target=\"_blank\" rel=\"noopener\"><span style=\"color: #0000ff;\">Obrazac 7. Izjava o nepostojanju vlasni\u010dke povezanosti<\/span><\/a><\/li>\n<\/ul>\n<p><strong>PRILOZI:<\/strong><\/p>\n<ul>\n<li><span style=\"color: #0000ff;\"><a style=\"color: #0000ff;\" href=\"https:\/\/www.flag-lostura.hr\/old\/wp-content\/uploads\/2022\/02\/Prilog-I-Kriterij-odabira-3.2.pdf\" class=\"mtli_attachment mtli_pdf\" target=\"_blank\" rel=\"noopener\">Prilog I Kriterij odabira 3.2<\/a><\/span><\/li>\n<li><span style=\"color: #0000ff;\"><a style=\"color: #0000ff;\" href=\"https:\/\/www.flag-lostura.hr\/old\/wp-content\/uploads\/2022\/02\/Prilog-II-Popis-dokumentacije-uz-prijavu-projekta.pdf\" class=\"mtli_attachment mtli_pdf\" target=\"_blank\" rel=\"noopener\">Prilog II Popis-dokumentacije uz prijavu projekta<\/a><\/span><\/li>\n<li><span style=\"color: #0000ff;\"><a style=\"color: #0000ff;\" href=\"https:\/\/www.flag-lostura.hr\/old\/wp-content\/uploads\/2022\/02\/Prilog-III-Popis-dokumentacije-uz-ZZI.pdf\" class=\"mtli_attachment mtli_pdf\" target=\"_blank\" rel=\"noopener\">Prilog III Popis dokumentacije uz ZZI<\/a><\/span><\/li>\n<li><span style=\"color: #0000ff;\"><a style=\"color: #0000ff;\" href=\"https:\/\/www.flag-lostura.hr\/old\/wp-content\/uploads\/2022\/02\/Prilog-IV-Pravila-i-upute-za-provedbu-nabave-i-prikupljanje-ponuda.pdf\" class=\"mtli_attachment mtli_pdf\" target=\"_blank\" rel=\"noopener\">Prilog IV Pravila i upute za provedbu nabave i prikupljanje ponuda<\/a><\/span><\/li>\n<li><span style=\"color: #0000ff;\"><a style=\"color: #0000ff;\" href=\"https:\/\/www.flag-lostura.hr\/old\/wp-content\/uploads\/2022\/02\/Prilog-V-Upute-za-cuvanje-dokumentacije.pdf\" class=\"mtli_attachment mtli_pdf\" target=\"_blank\" rel=\"noopener\">Prilog V Upute za \u010duvanje dokumentacije<\/a><\/span><\/li>\n<li><span style=\"color: #0000ff;\"><a style=\"color: #0000ff;\" href=\"https:\/\/www.flag-lostura.hr\/old\/wp-content\/uploads\/2022\/02\/Prilog-VI-Popis-dokumentacije-uz-Zahtjev-za-odobrenje-promjena.pdf\" class=\"mtli_attachment mtli_pdf\" target=\"_blank\" rel=\"noopener\">Prilog VI Popis dokumentacije uz Zahtjev za odobrenje promjena<\/a><\/span><\/li>\n<li><span style=\"color: #0000ff;\"><a style=\"color: #0000ff;\" href=\"https:\/\/www.flag-lostura.hr\/old\/wp-content\/uploads\/2022\/02\/Prilog-VII-Pravila-i-upute-za-provedbu-mjera-informiranja-i-promidzbe.pdf\" class=\"mtli_attachment mtli_pdf\" target=\"_blank\" rel=\"noopener\">Prilog VII Pravila i upute za provedbu mjera informiranja i promid\u017ebe<\/a><\/span><\/li>\n<li><span style=\"color: #0000ff;\"><a style=\"color: #0000ff;\" href=\"https:\/\/www.flag-lostura.hr\/old\/wp-content\/uploads\/2022\/02\/Prilog-IX-Prirucnik-za-korisnike-Operativnog-programa-za-pomorstvo-i-ribarstvo-2014-2020_kontrola-na-terenu.pdf\" class=\"mtli_attachment mtli_pdf\" target=\"_blank\" rel=\"noopener\">Prilog IX Priru\u010dnik za korisnike Operativnog-programa za pomorstvo i ribarstvo 2014-2020_kontrola na terenu<\/a><\/span><\/li>\n<li><span style=\"color: #0000ff;\"><a style=\"color: #0000ff;\" href=\"https:\/\/www.flag-lostura.hr\/old\/wp-content\/uploads\/2022\/02\/Prilog-X-Vodic-za-upis-u-Evidenciju-korisnika-potpora-u-ruralnom-razvoju-i-ribarstvu-EKPRRiR.pdf\" class=\"mtli_attachment mtli_pdf\" target=\"_blank\" rel=\"noopener\">Prilog X Vodi\u010d za upis u Evidenciju korisnika potpora u ruralnom razvoju i ribarstvu-EKPRRiR<\/a><\/span><\/li>\n<li><a href=\"https:\/\/www.flag-lostura.hr\/old\/wp-content\/uploads\/2022\/02\/Prilog-XI-Popis-proizvoda-ribarstva-i-akvakulture.pdf\" class=\"mtli_attachment mtli_pdf\" target=\"_blank\" rel=\"noopener\"><span style=\"color: #0000ff;\">Prilog XI Popis proizvoda ribarstva i akvakulture<\/span><\/a><\/li>\n<\/ul>\n\n\t\t<div class=\"clearfix\"><\/div>\n\t\t<hr style=\"margin-top:30px; margin-bottom:45px;\" class=\"divider divider-normal\">\n\t\n<p style=\"text-align: center;\"><strong>OBAVIJEST O IZMJENI INFORMATIVNE RADIONICE (06.02.2022.)<\/strong><\/p>\n<p style=\"font-weight: 400;\"><strong>Zbog epidemiolo\u0161kih mjera uzrokovane COVID situacijom informativna radionica se ne\u0107e odr\u017eati u\u017eivo<\/strong> kako je gore navedeno <strong>ve\u0107 \u0107e se odr\u017eati preko ZOOM platforme.<\/strong><\/p>\n<p style=\"font-weight: 400;\">Priklju\u010diti se mo\u017eete preko dolje navedenog linka i podataka. Ukoliko \u0107ete imati kakve pote\u0161ko\u0107e slobodno nas kontaktirajte.<\/p>\n<p>Join Zoom Meeting: <a href=\"https:\/\/us02web.zoom.us\/j\/81877067958?pwd=REI3OUZTeTV1NUtVaU9zNzBlbTFVdz09\" target=\"_blank\" rel=\"noopener\" data-saferedirecturl=\"https:\/\/www.google.com\/url?q=https:\/\/us02web.zoom.us\/j\/81877067958?pwd%3DREI3OUZTeTV1NUtVaU9zNzBlbTFVdz09&amp;source=gmail&amp;ust=1644260520079000&amp;usg=AOvVaw2KJiBKgD0M3PhVRjbFqJ1k\"><span style=\"color: #0000ff;\">https:\/\/us02web.zoom.us\/j\/81877067958?pwd=REI3OUZTeTV1NUtVaU9zNzBlbTFVdz09<\/span><\/a><br \/>\nMeeting ID: 818 7706 7958<br \/>\nPasscode: 829609<\/p>\n<p><strong><u>UPUTE:<\/u><\/strong><br \/>\nNa radionicu se priklju\u010duje putem navedenog linka. <strong>Link \u0107e biti aktivan 07.02. od 10.45 sati.\u00a0<\/strong><br \/>\n<strong>Radionica po\u010dinje u 11 h.<\/strong><br \/>\nPreporu\u010damo da se prijavite barem 5 minuta prije po\u010detka radionice. Molimo Vas da prilikom prijave koristite svoje ime i prezime kako bi mogli evidentirati prisutnost.<br \/>\nPotrebno je kliknuti na link i slijediti upute.<br \/>\nMinimalna oprema za sudjelovanje na radionici su zvu\u010dnici i tipkovnica. Iako, bilo bi dobro da imate i mikrofon te eventualno kameru.<br \/>\nUkoliko koristite prijenosno ra\u010dunalo, zvu\u010dnik i mikrofon su obi\u010dno integrirani na ra\u010dunalu, dok je kod stolnih ra\u010dunala ovo dodatna oprema.<br \/>\nPredvi\u0111eno je da se tijekom radionice mo\u017ee razgovarati upotrebom mikrofona, me\u0111utim platforma ima i opciju &#8220;chat&#8221; tako da oni koji nemaju mikrofon mogu komentirati putem chata.<br \/>\nKako bi izbjegli mikrofoniju, molimo Vas da udaljite mobitele od ra\u010dunala tijekom radionice.<\/p>\n<p>Unaprijed zahvaljujemo na razumijevanju.<br \/>\n\n\t\t<div class=\"clearfix\"><\/div>\n\t\t<hr style=\"margin-top:30px; margin-bottom:45px;\" class=\"divider divider-normal\">\n\t\n<p style=\"text-align: center;\"><strong>OBJAVA REZULTATA ODABIRA PROJEKATA ZA MJERU 3.2. \u201eRIBARSKE MANIFESTACIJE I AKTIVNO SUDJELOVANJE TURISTA U PRIPREMI HRANE\u201c<\/strong><\/p>\n<p>Sukladno to\u010dki 18. stavka 3. LAGUR natje\u010daja M.3.2.\u201eRibarske manifestacije i aktivno sudjelovanje turista u pripremi hrane\u201c verzija 2.0. , nakon zavr\u0161etka postupka odabira projekata po LAGUR natje\u010daju te donesenih kona\u010dnih Odluka od strane Upravnog odbora LAGUR-a Lostura, dana 10. lipnja 2022. godine objavljuju se rezultati odabira projekata.<\/p>\n<p>Upravni odbor Lokalne akcijske grupe u ribarstvu Lostura je na sjednici odr\u017eanoj 23. svibnja 2022. godine donio Odluku o odabiru projekata pristiglih na 5. LAGUR natje\u010daj za provedbu Mjere 3.2. \u201eRibarske manifestacije i aktivno sudjelovanje turista u pripremi hrane\u201c verzija 2.0..<\/p>\n<p>Na natje\u010daj je pristiglo ukupno 3 projektne prijave, a nakon pozitivnih rezultata u postupcima administrativne kontrole i ocjenjivanja projekata donesene su Odluke o odabiru projekata za 3 projekta.<\/p>\n<p>Odobreni projekti mogu se pregledati na ni\u017ee navedenoj poveznici.<\/p>\n<ul>\n<li><a href=\"https:\/\/www.flag-lostura.hr\/old\/wp-content\/uploads\/2022\/06\/11.2.-Objava-rezultata-odabira-tablica-M.3.2.v.2.0..pdf\" class=\"mtli_attachment mtli_pdf\" target=\"_blank\" rel=\"noopener\"><span style=\"color: #0000ff;\">Objava rezultata odabira M.3.2.v.2.0.<\/span><\/a><\/li>\n<\/ul>\n\n\t\t<div class=\"clearfix\"><\/div>\n\t\t<hr style=\"margin-top:30px; margin-bottom:45px;\" class=\"divider divider-normal\">\n\t\n<p style=\"text-align: center;\"><strong>1. IZMJENA FLAG NATJE\u010cAJA ZA PROVEDBU MJERE 3.2. \u201cRIBARSKE MANIFESTACIJE I AKTIVNO SUDJELOVANJE TURISTA U PRIPREMI HRANE\u201d<\/strong><\/p>\n<p>Lokalna akcijska grupa u ribarstvu Lostura 21.02.2023. godine objavljuje IZMJENU FLAG natje\u010daja za provedbu Mjere 3.2. \u201eRibarske manifestacije i aktivno sudjelovanje turista u pripremi hrane\u201d.<\/p>\n<p>Upravni Odbor FLAG-a Lostura na svojoj 31. sjednici odr\u017eanoj 16.02. 2023. godine donio je Odluku o izmjeni obrazaca FLAG natje\u010daja za provedbu Mjere 3.2. \u201eRibarske manifestacije i aktivno sudjelovanje turista u pripremi hrane\u201d koji je objavljen 02.002. 2023. godine.<\/p>\n<p><strong>Predmetna izmjena odnosi se na prilagodbu obrazaca<\/strong>\u00a0<strong>Zahtjeva za isplatu slijedom uvo\u0111enja eura kao slu\u017ebene valute u Republici Hrvatskoj.<\/strong><\/p>\n<p>Izmijenjeni obrasci za Zahtjev za isplatu i Odluka Upravnog odbora o izmjeni natje\u010daja nalaze se u prilogu.<\/p>\n<p><em>IZMIJENJENI OBRASCI<\/em><\/p>\n<ul>\n<li><span style=\"color: #0000ff;\">\u00a0<a style=\"color: #0000ff;\" href=\"https:\/\/www.flag-lostura.hr\/old\/wp-content\/uploads\/2023\/02\/Obrazac-3.A.-Zahtjev-za-isplatu_verzija-2.1.-1.docx\" class=\"mtli_attachment mtli_docx\">Obrazac 3.A. Zahtjev za isplatu_NOVO<\/a> <\/span><\/li>\n<li><span style=\"color: #0000ff;\"><a style=\"color: #0000ff;\" href=\"https:\/\/www.flag-lostura.hr\/old\/wp-content\/uploads\/2023\/02\/Obrazac-3.B.-Izjava-o-izdacima_verzija-2.1.-1.xlsx\" class=\"mtli_attachment mtli_xlsx\">Obrazac 3.B.-Izjava-o-izdacima_NOVO\u00a0<\/a><\/span><\/li>\n<\/ul>\n<p><em>ODLUKA UPRAVNOG ODBORA<\/em><\/p>\n<ul>\n<li><span style=\"color: #0000ff;\"><a style=\"color: #0000ff;\" href=\"https:\/\/www.flag-lostura.hr\/old\/wp-content\/uploads\/2023\/02\/Odluka-o-izmjeni-obrazaca-FLAG-natjecaja-za-provedbu-Mjere-3.2.pdf\" class=\"mtli_attachment mtli_pdf\">Odluka o izmjeni obrazaca FLAG natje\u010daja <\/a><a style=\"color: #0000ff;\" href=\"https:\/\/www.flag-lostura.hr\/old\/wp-content\/uploads\/2023\/02\/Odluka-o-izmjeni-obrazaca-FLAG-natjecaja-za-provedbu-Mjere-3.2.pdf\" class=\"mtli_attachment mtli_pdf\">Mjera 3.2<\/a><\/span><\/li>\n<\/ul>\n","protected":false},"excerpt":{"rendered":"<p>Na temelju \u010dlanka 24. Pravilnika o uvjetima, kriterijima, na\u010dinu odabira, financiranja i provedbe lokalnih razvojnih strategija u ribarstvu (\u201eNarodne novine\u201c broj 27\/2019) i Lokalne razvojne strategije u ribarstvu za razdoblje 2014. \u2013 2020., Lokalna akcijska skupina u ribarstvu \u201eLostura\u201c objavljuje 02. velja\u010de 2022. godine, FLAG Natje\u010daj za provedbu aktivnosti u okviru Mjere 3.2. Ribarske manifestacije &hellip;<\/p>\n","protected":false},"author":1,"featured_media":0,"parent":701,"menu_order":0,"comment_status":"closed","ping_status":"closed","template":"","meta":[],"_links":{"self":[{"href":"https:\/\/www.flag-lostura.hr\/old\/wp-json\/wp\/v2\/pages\/1425"}],"collection":[{"href":"https:\/\/www.flag-lostura.hr\/old\/wp-json\/wp\/v2\/pages"}],"about":[{"href":"https:\/\/www.flag-lostura.hr\/old\/wp-json\/wp\/v2\/types\/page"}],"author":[{"embeddable":true,"href":"https:\/\/www.flag-lostura.hr\/old\/wp-json\/wp\/v2\/users\/1"}],"replies":[{"embeddable":true,"href":"https:\/\/www.flag-lostura.hr\/old\/wp-json\/wp\/v2\/comments?post=1425"}],"version-history":[{"count":0,"href":"https:\/\/www.flag-lostura.hr\/old\/wp-json\/wp\/v2\/pages\/1425\/revisions"}],"up":[{"embeddable":true,"href":"https:\/\/www.flag-lostura.hr\/old\/wp-json\/wp\/v2\/pages\/701"}],"wp:attachment":[{"href":"https:\/\/www.flag-lostura.hr\/old\/wp-json\/wp\/v2\/media?parent=1425"}],"curies":[{"name":"wp","href":"https:\/\/api.w.org\/{rel}","templated":true}]}}