{"id":24,"date":"2017-03-20T03:08:05","date_gmt":"2017-03-20T02:08:05","guid":{"rendered":"http:\/\/www.flag-lostura.hr\/?page_id=24"},"modified":"2023-01-23T01:24:11","modified_gmt":"2023-01-23T00:24:11","slug":"leader-pristup","status":"publish","type":"page","link":"https:\/\/www.flag-lostura.hr\/old\/leader-pristup\/","title":{"rendered":"Leader pristup"},"content":{"rendered":"<p><img decoding=\"async\" loading=\"lazy\" class=\"size-medium wp-image-1865 alignleft\" src=\"https:\/\/www.flag-lostura.hr\/old\/wp-content\/uploads\/2023\/01\/logo-leader-300x284.jpg\" alt=\"\" width=\"300\" height=\"284\" srcset=\"https:\/\/www.flag-lostura.hr\/old\/wp-content\/uploads\/2023\/01\/logo-leader-300x284.jpg 300w, https:\/\/www.flag-lostura.hr\/old\/wp-content\/uploads\/2023\/01\/logo-leader-768x727.jpg 768w, https:\/\/www.flag-lostura.hr\/old\/wp-content\/uploads\/2023\/01\/logo-leader.jpg 800w\" sizes=\"(max-width: 300px) 100vw, 300px\" \/>LEADER (iz francuskog izraza &#8220;<strong><span class=\"zeleni_strong\">L<\/span><\/strong>iaison\u00a0<strong><span class=\"zeleni_strong\">E<\/span><\/strong>ntre\u00a0<strong><span class=\"zeleni_strong\">A<\/span><\/strong>ctions de\u00a0<strong><span class=\"zeleni_strong\">D<\/span><\/strong>\u00e9veloppement de l&#8217;<strong><span class=\"zeleni_strong\">\u00c9<\/span><\/strong>conomie\u00a0<strong><span class=\"zeleni_strong\">R<\/span><\/strong>urale&#8221;) je kratica koja ozna\u010dava &#8220;vezu me\u0111u aktivnostima razvoja ruralnog gospodarstva.&#8221; Informacije dobivene evaluacijom LEADER-a kao i od dionika iz ruralnih podru\u010dja pokazuju prednosti LEADER-a kao alata kojim se posti\u017eu rezultati u razli\u010ditim situacijama i na razli\u010ditim podru\u010djima \u0161to pridonosi prilago\u0111avanju ruralnih politika specifi\u010dnim potrebama pojedinih ruralnih prostora. Ohrabruju\u0107i sudjelovanje na lokalnoj razini u stvaranju i provedbi strategija odr\u017eivog razvoja, ovaj pristup razvija sve ve\u0107i utjecaj na budu\u0107e ruralne politike.<\/p>\n<p><strong>PRISTUP LEADER-a<\/strong><span style=\"text-decoration: underline;\"><strong><br \/>\n<\/strong><\/span><\/p>\n<p style=\"font-weight: normal;\">LEADER govori o tome kako, a ne \u0161to treba raditi.\u00a0<strong>Sastoji se od sedam osnovnih elemenata &#8211; na\u010dela<\/strong>, koja treba slijediti u cijelosti, a ne pojedina\u010dno:<\/p>\n<ul style=\"font-weight: normal; color: #222222;\">\n<li style=\"font-weight: normal;\"><strong>Odr\u017eivi ruralni razvoj<\/strong>\u00a0&#8211; razvoj koji se temelji na o\u010duvanju i uravnote\u017eenom razvoju okoli\u0161nog, dru\u0161tvenog i gospodarskog kapitala.<\/li>\n<li style=\"font-weight: normal;\"><strong>Pristup temeljen na osobitostima podru\u010dja<\/strong>\u00a0&#8211; svako ruralno podru\u010dje ima svoja obilje\u017eja, potencijale, posebnosti i prepoznatljivost &#8211; na njima treba graditi planiranje budu\u0107nosti.<\/li>\n<li style=\"font-weight: normal;\"><strong>Pristup odozdo prema gore<\/strong>\u00a0&#8211; \u0161iroko uklju\u010divanje svih raspolo\u017eivih snaga u lokalnim zajednicama doprinijet \u0107e kvalitetnom razvoju bogatstvom ideja i mogu\u0107ih rje\u0161enja.<\/li>\n<li style=\"font-weight: normal;\"><strong>Uspostavljanje lokalnih partnerstva<\/strong>\u00a0&#8211; usitnjene inicijative \u010desto su unaprijed osu\u0111ene na propast, pogotovo u malim sredinama, jer im nedostaje snaga, uvjerljivost i povjerenje zajednice; stoga povezivanje, uspostavljanje partnerstva i razvoj kulture suradnje imaju presudnu va\u017enost. LEADER-ova originalna ideja je stvaranje lokalnih javno-privatnih partnerstva u obliku lokalnih akcijskih grupa &#8211; LAG-ova.<\/li>\n<li style=\"font-weight: normal;\"><strong>Inovativnost<\/strong>\u00a0&#8211; tradicija je svakako temelj odr\u017eivog ruralnog razvoja, ali su inovacije nu\u017ene kako bi se tradicionalne vrijednosti predstavile na nov i tr\u017ei\u0161no konkurentan na\u010din.<\/li>\n<li style=\"font-weight: normal;\"><strong>Integralan i vi\u0161esektorski pristup<\/strong>\u00a0&#8211; sektorska podijeljenost \u010dest je uzrok problemima u razvoju. Horizontalno, me\u0111usektorsko povezivanje kao i okomito, povezivanje lokalnih, regionalnih i nacionalnih institucija, osobito je va\u017eno u ostvarivanju odr\u017eivog ruralnog razvoja.<\/li>\n<li style=\"font-weight: normal;\"><strong>Umre\u017eavanje<\/strong>\u00a0&#8211; povezivanje, u\u010denje na primjerima dobre prakse, prijenos i razmjena znanja i iskustva od posebne su va\u017enosti u provedbi LEADER-a, jer se na taj na\u010din od pojedina\u010dnih raznolikih slu\u010dajeva stvara zajedni\u010dko tkanje razvoja europskih ruralnih sredina te pru\u017ea uzajamna pomo\u0107 i potpora.<\/li>\n<li style=\"font-weight: normal;\"><strong>Suradnja<\/strong>\u00a0&#8211; je korak dalje od umre\u017eavanja, prema pokretanju i provedbi zajedni\u010dkih projekata dva ili vi\u0161e LAG-ova unutar zemlje, regije i\/ili Europske unije.<\/li>\n<\/ul>\n<p><strong>Iskustvo u provedbi LEADER pristupa<\/strong><\/p>\n<p>Djelatnici FLAG-a raspola\u017eu s velikim iskustvom u izradi i provedbi projekata iz nacionalnih i EU izvora, s obzirom da je voditelj FLAG-a ujedno i dugogodi\u0161nji voditelj LAG-a &#8220;Laura&#8221; najuspje\u0161nijeg LAG-a u Hrvatskoj. Kroz IPARD program i mjeru 202 LEADER LAG je izme\u0111u ostaloga educirano ukupno 300 osoba. Tako\u0111er, LAG je izdao i 4 pisma preporuke, na temelju kojih su u mjeri 103 IPARD programa odobrena sredstva u ukupnom iznosu od gotovo 11,5 milijuna kuna. 2015. godine LAG &#8220;Lauri&#8221; su odobrena sredstva za izradu Lokalne razvojne strategije 2014-2020 za svoj prostor obuhvata u ukupnom iznosu od 371.846,30 kn. Strate\u0161ki dokument je izra\u0111en i usvojen od strane Skup\u0161tine, a u procesu izrade bili su uklju\u010deni dionici iz javnog, gospodarskog i civilnog sektora putem odr\u017eavanja sastanaka i radionica (u proces izrade kroz sastanke i radionice ukupno je informirano 160 osoba). \u010cime se osigurala uklju\u010denost lokalnih dionika u planiranje razvoja podru\u010dja LAG-a.<\/p>\n","protected":false},"excerpt":{"rendered":"<p>LEADER (iz francuskog izraza &#8220;Liaison\u00a0Entre\u00a0Actions de\u00a0D\u00e9veloppement de l&#8217;\u00c9conomie\u00a0Rurale&#8221;) je kratica koja ozna\u010dava &#8220;vezu me\u0111u aktivnostima razvoja ruralnog gospodarstva.&#8221; Informacije dobivene evaluacijom LEADER-a kao i od dionika iz ruralnih podru\u010dja pokazuju prednosti LEADER-a kao alata kojim se posti\u017eu rezultati u razli\u010ditim situacijama i na razli\u010ditim podru\u010djima \u0161to pridonosi prilago\u0111avanju ruralnih politika specifi\u010dnim potrebama pojedinih ruralnih prostora. &hellip;<\/p>\n","protected":false},"author":1,"featured_media":0,"parent":0,"menu_order":0,"comment_status":"closed","ping_status":"closed","template":"","meta":[],"_links":{"self":[{"href":"https:\/\/www.flag-lostura.hr\/old\/wp-json\/wp\/v2\/pages\/24"}],"collection":[{"href":"https:\/\/www.flag-lostura.hr\/old\/wp-json\/wp\/v2\/pages"}],"about":[{"href":"https:\/\/www.flag-lostura.hr\/old\/wp-json\/wp\/v2\/types\/page"}],"author":[{"embeddable":true,"href":"https:\/\/www.flag-lostura.hr\/old\/wp-json\/wp\/v2\/users\/1"}],"replies":[{"embeddable":true,"href":"https:\/\/www.flag-lostura.hr\/old\/wp-json\/wp\/v2\/comments?post=24"}],"version-history":[{"count":0,"href":"https:\/\/www.flag-lostura.hr\/old\/wp-json\/wp\/v2\/pages\/24\/revisions"}],"wp:attachment":[{"href":"https:\/\/www.flag-lostura.hr\/old\/wp-json\/wp\/v2\/media?parent=24"}],"curies":[{"name":"wp","href":"https:\/\/api.w.org\/{rel}","templated":true}]}}